{"id":169,"date":"2023-08-01T19:09:17","date_gmt":"2023-08-01T19:09:17","guid":{"rendered":"https:\/\/ccb.facmed.unam.mx\/?page_id=169"},"modified":"2026-02-18T16:31:51","modified_gmt":"2026-02-18T16:31:51","slug":"la-coordinacion","status":"publish","type":"page","link":"https:\/\/ccb.facmed.unam.mx\/index.php\/la-coordinacion\/","title":{"rendered":"La Coordinaci\u00f3n"},"content":{"rendered":"<p>[et_pb_section fb_built=\u00bb1&#8243; _builder_version=\u00bb4.22.1&#8243; _module_preset=\u00bbdefault\u00bb background_color=\u00bbrgba(60,104,77,0.72)\u00bb module_alignment=\u00bbcenter\u00bb custom_padding=\u00bb0px||0px||false|false\u00bb sticky_position=\u00bbtop\u00bb sticky_offset_surrounding=\u00bboff\u00bb sticky_transition=\u00bboff\u00bb motion_trigger_start=\u00bbtop\u00bb overflow-y_tablet=\u00bb\u00bb overflow-y_phone=\u00bb\u00bb overflow-y_last_edited=\u00bbon|phone\u00bb box_shadow_style=\u00bbpreset2&#8243; global_colors_info=\u00bb{}\u00bb][et_pb_row _builder_version=\u00bb4.21.0&#8243; _module_preset=\u00bbdefault\u00bb module_alignment=\u00bbcenter\u00bb custom_margin=\u00bb|auto||176px||\u00bb global_colors_info=\u00bb{}\u00bb][et_pb_column type=\u00bb4_4&#8243; _builder_version=\u00bb4.21.0&#8243; _module_preset=\u00bbdefault\u00bb global_colors_info=\u00bb{}\u00bb][et_pb_text _builder_version=\u00bb4.22.1&#8243; _module_preset=\u00bbdefault\u00bb text_orientation=\u00bbcenter\u00bb module_alignment=\u00bbcenter\u00bb header_font_size_tablet=\u00bb25px\u00bb header_font_size_phone=\u00bb18px\u00bb header_font_size_last_edited=\u00bbon|desktop\u00bb global_colors_info=\u00bb{}\u00bb]<\/p>\n<h1 style=\"text-align: center;\"><span style=\"color: #ffffff;\"><strong>ORGANIGRAMA<\/strong><\/span><\/h1>\n<p>[\/et_pb_text][\/et_pb_column][\/et_pb_row][\/et_pb_section][et_pb_section fb_built=\u00bb1&#8243; _builder_version=\u00bb4.22.1&#8243; _module_preset=\u00bbdefault\u00bb background_color=\u00bbRGBA(255,255,255,0)\u00bb width=\u00bb100%\u00bb max_width=\u00bb100%\u00bb module_alignment=\u00bbcenter\u00bb min_height=\u00bb220px\u00bb height=\u00bb170px\u00bb max_height=\u00bb157px\u00bb max_height_tablet=\u00bb157px\u00bb max_height_phone=\u00bb157px\u00bb max_height_last_edited=\u00bbon|phone\u00bb custom_margin=\u00bb1px||1px||false|false\u00bb custom_padding=\u00bb0px||19px|||\u00bb global_colors_info=\u00bb{}\u00bb][et_pb_row custom_padding_last_edited=\u00bbon|tablet\u00bb _builder_version=\u00bb4.22.1&#8243; _module_preset=\u00bbdefault\u00bb min_height=\u00bb570.9px\u00bb custom_margin=\u00bb|auto|-357px|auto||\u00bb custom_padding=\u00bb27px|||||\u00bb custom_padding_tablet=\u00bb||29px||false|false\u00bb custom_padding_phone=\u00bb||29px||false|false\u00bb global_colors_info=\u00bb{}\u00bb][et_pb_column type=\u00bb4_4&#8243; _builder_version=\u00bb4.16&#8243; _module_preset=\u00bbdefault\u00bb global_colors_info=\u00bb{}\u00bb][et_pb_text _builder_version=\u00bb4.22.1&#8243; _module_preset=\u00bbdefault\u00bb text_font=\u00bb|600|||||||\u00bb text_text_color=\u00bb#FFFFFF\u00bb text_font_size=\u00bb16px\u00bb text_orientation=\u00bbcenter\u00bb custom_margin=\u00bb7px||||false|false\u00bb custom_margin_tablet=\u00bb0px||||false|false\u00bb custom_margin_phone=\u00bb12px||||false|false\u00bb custom_margin_last_edited=\u00bbon|phone\u00bb custom_padding=\u00bb0px||||false|false\u00bb hover_enabled=\u00bb0&#8243; text_font_size_tablet=\u00bb13px\u00bb text_font_size_phone=\u00bb11px\u00bb text_font_size_last_edited=\u00bbon|desktop\u00bb text_line_height_tablet=\u00bb1.7em\u00bb text_line_height_phone=\u00bb1.5em\u00bb text_line_height_last_edited=\u00bbon|phone\u00bb global_colors_info=\u00bb{}\u00bb sticky_enabled=\u00bb0&#8243;]<\/p>\n<p style=\"text-align: center;\"><span style=\"color: #003366;\">Dra. M\u00f3nica B. Aburto Arciniega<\/span><br \/><span style=\"color: #003366;\">Coordinadora<\/span><\/p>\n<p><span style=\"color: #003366;\">Dra. Ang\u00e9lica Arce Cede\u00f1o<\/span><br \/><span style=\"color: #003366;\">Responsable de 1\u00b0 y 2\u00b0 a\u00f1o<\/span><\/p>\n<p><span style=\"color: #003366;\">Lic. Viridiana Guzm\u00e1n L\u00f3pez<\/span><br \/><span style=\"color: #003366;\">Jefa de oficina<\/span><\/p>\n<p><span style=\"color: #003366;\">Lic. Tania Jaramillo Viveros<\/span><br \/><span style=\"color: #003366;\">Secretaria<\/span><\/p>\n<p>[\/et_pb_text][\/et_pb_column][\/et_pb_row][\/et_pb_section][et_pb_section fb_built=\u00bb1&#8243; _builder_version=\u00bb4.22.1&#8243; _module_preset=\u00bbdefault\u00bb background_color=\u00bbrgba(60,104,77,0.72)\u00bb module_alignment=\u00bbcenter\u00bb custom_margin=\u00bb100px||||false|false\u00bb custom_margin_tablet=\u00bb42px||||false|false\u00bb custom_margin_phone=\u00bb30px||||false|false\u00bb custom_margin_last_edited=\u00bbon|desktop\u00bb custom_padding=\u00bb0px||0px||false|false\u00bb sticky_position=\u00bbtop\u00bb sticky_offset_surrounding=\u00bboff\u00bb sticky_transition=\u00bboff\u00bb motion_trigger_start=\u00bbtop\u00bb hover_enabled=\u00bb0&#8243; overflow-y_tablet=\u00bb\u00bb overflow-y_phone=\u00bb\u00bb overflow-y_last_edited=\u00bbon|phone\u00bb box_shadow_style=\u00bbpreset2&#8243; global_colors_info=\u00bb{}\u00bb sticky_enabled=\u00bb0&#8243;][et_pb_row _builder_version=\u00bb4.22.1&#8243; _module_preset=\u00bbdefault\u00bb module_alignment=\u00bbcenter\u00bb custom_margin=\u00bb0px|auto|34px|176px|false|false\u00bb global_colors_info=\u00bb{}\u00bb][et_pb_column type=\u00bb4_4&#8243; _builder_version=\u00bb4.21.0&#8243; _module_preset=\u00bbdefault\u00bb global_colors_info=\u00bb{}\u00bb][et_pb_text _builder_version=\u00bb4.22.1&#8243; _module_preset=\u00bbdefault\u00bb text_orientation=\u00bbcenter\u00bb module_alignment=\u00bbcenter\u00bb hover_enabled=\u00bb0&#8243; header_font_size_tablet=\u00bb25px\u00bb header_font_size_phone=\u00bb18px\u00bb header_font_size_last_edited=\u00bbon|phone\u00bb global_colors_info=\u00bb{}\u00bb sticky_enabled=\u00bb0&#8243;]<\/p>\n<h1><strong><span style=\"color: #ffffff;\">NUESTRO OBJETIVO<\/span><\/strong><\/h1>\n<p>[\/et_pb_text][\/et_pb_column][\/et_pb_row][\/et_pb_section][et_pb_section fb_built=\u00bb1&#8243; _builder_version=\u00bb4.22.1&#8243; _module_preset=\u00bbdefault\u00bb background_color=\u00bbRGBA(255,255,255,0)\u00bb min_height=\u00bb637.9px\u00bb custom_margin=\u00bb-33px||1px||false|false\u00bb custom_padding=\u00bb0px||19px|||\u00bb global_colors_info=\u00bb{}\u00bb][et_pb_row column_structure=\u00bb1_2,1_2&#8243; custom_padding_last_edited=\u00bbon|tablet\u00bb _builder_version=\u00bb4.22.1&#8243; _module_preset=\u00bbdefault\u00bb min_height=\u00bb570.9px\u00bb custom_padding=\u00bb27px|||||\u00bb custom_padding_tablet=\u00bb||29px||false|false\u00bb custom_padding_phone=\u00bb||29px||false|false\u00bb hover_enabled=\u00bb0&#8243; global_colors_info=\u00bb{}\u00bb sticky_enabled=\u00bb0&#8243;][et_pb_column type=\u00bb1_2&#8243; _builder_version=\u00bb4.16&#8243; _module_preset=\u00bbdefault\u00bb global_colors_info=\u00bb{}\u00bb][et_pb_text _builder_version=\u00bb4.22.1&#8243; _module_preset=\u00bbdefault\u00bb text_font=\u00bb|600|||||||\u00bb text_text_color=\u00bb#FFFFFF\u00bb text_font_size=\u00bb16px\u00bb text_orientation=\u00bbcenter\u00bb custom_margin=\u00bb134px||153px||false|false\u00bb custom_margin_tablet=\u00bb30px||10px||false|false\u00bb custom_margin_phone=\u00bb31px||||false|false\u00bb custom_margin_last_edited=\u00bbon|phone\u00bb custom_padding=\u00bb0px||||false|false\u00bb hover_enabled=\u00bb0&#8243; text_font_size_tablet=\u00bb13px\u00bb text_font_size_phone=\u00bb11px\u00bb text_font_size_last_edited=\u00bbon|desktop\u00bb text_line_height_tablet=\u00bb1.7em\u00bb text_line_height_phone=\u00bb1.5em\u00bb text_line_height_last_edited=\u00bbon|phone\u00bb global_colors_info=\u00bb{}\u00bb sticky_enabled=\u00bb0&#8243;]<\/p>\n<p style=\"text-align: justify;\"><span style=\"color: #003366;\">Articular las funciones de los Departamentos Acad\u00e9micos responsables de impartir asignaturas de la Licenciatura de M\u00e9dico Cirujano que est\u00e1n estrechamente vinculadas a las ciencias b\u00e1sicas o fundamentales. Esta labor se lleva en conformidad con los objetivos establecidos en el Plan de Estudios vigente y en alineaci\u00f3n con el Plan de Desarrollo Institucional de la Facultad de Medicina.<\/span><\/p>\n<p>[\/et_pb_text][et_pb_text _builder_version=\u00bb4.22.1&#8243; _module_preset=\u00bbdefault\u00bb hover_enabled=\u00bb0&#8243; sticky_enabled=\u00bb0&#8243;]<\/p>\n<pre style=\"text-align: center;\"><span style=\"color: #003366;\">MANUAL DE ORGANIZACI\u00d3N<\/span><br \/><span style=\"color: #003366;\">Facultad de Medicina<\/span><\/pre>\n<p>[\/et_pb_text][\/et_pb_column][et_pb_column type=\u00bb1_2&#8243; _builder_version=\u00bb4.16&#8243; _module_preset=\u00bbdefault\u00bb global_colors_info=\u00bb{}\u00bb][et_pb_image src=\u00bbhttps:\/\/ccb.facmed.unam.mx\/wp-content\/uploads\/2025\/09\/WhatsApp-Image-2025-09-05-at-2.03.46-PM.jpeg\u00bb title_text=\u00bbWhatsApp Image 2025-09-05 at 2.03.46 PM\u00bb align=\u00bbcenter\u00bb _builder_version=\u00bb4.22.1&#8243; _module_preset=\u00bbdefault\u00bb width_tablet=\u00bb60%\u00bb width_phone=\u00bb85%\u00bb width_last_edited=\u00bbon|desktop\u00bb custom_margin=\u00bb0px||||false|false\u00bb custom_margin_tablet=\u00bb-34px||6px||false|false\u00bb custom_margin_phone=\u00bb-12px||0px||false|false\u00bb custom_margin_last_edited=\u00bbon|desktop\u00bb custom_padding=\u00bb89px||||false|false\u00bb custom_padding_tablet=\u00bb39px||||false|false\u00bb custom_padding_phone=\u00bb0px||0px||false|false\u00bb custom_padding_last_edited=\u00bbon|phone\u00bb box_shadow_style=\u00bbpreset1&#8243; global_colors_info=\u00bb{}\u00bb][\/et_pb_image][\/et_pb_column][\/et_pb_row][\/et_pb_section][et_pb_section fb_built=\u00bb1&#8243; _builder_version=\u00bb4.22.1&#8243; _module_preset=\u00bbdefault\u00bb background_color=\u00bbrgba(60,104,77,0.72)\u00bb module_alignment=\u00bbcenter\u00bb min_height=\u00bb100px\u00bb height=\u00bb100px\u00bb max_height=\u00bb1000px\u00bb custom_margin=\u00bb0px||||false|false\u00bb custom_margin_tablet=\u00bb42px||||false|false\u00bb custom_margin_phone=\u00bb30px||||false|false\u00bb custom_margin_last_edited=\u00bbon|desktop\u00bb custom_padding=\u00bb0px||0px||false|false\u00bb sticky_position=\u00bbtop\u00bb sticky_offset_surrounding=\u00bboff\u00bb sticky_transition=\u00bboff\u00bb motion_trigger_start=\u00bbtop\u00bb overflow-y_tablet=\u00bb\u00bb overflow-y_phone=\u00bb\u00bb overflow-y_last_edited=\u00bbon|phone\u00bb box_shadow_style=\u00bbpreset2&#8243; global_colors_info=\u00bb{}\u00bb][et_pb_row _builder_version=\u00bb4.22.1&#8243; _module_preset=\u00bbdefault\u00bb module_alignment=\u00bbcenter\u00bb custom_margin=\u00bb0px|auto|34px|176px|false|false\u00bb global_colors_info=\u00bb{}\u00bb][et_pb_column type=\u00bb4_4&#8243; _builder_version=\u00bb4.21.0&#8243; _module_preset=\u00bbdefault\u00bb global_colors_info=\u00bb{}\u00bb][et_pb_text _builder_version=\u00bb4.22.1&#8243; _module_preset=\u00bbdefault\u00bb text_orientation=\u00bbcenter\u00bb module_alignment=\u00bbcenter\u00bb custom_margin=\u00bb5px||||false|false\u00bb header_font_size_tablet=\u00bb25px\u00bb header_font_size_phone=\u00bb18px\u00bb header_font_size_last_edited=\u00bbon|phone\u00bb global_colors_info=\u00bb{}\u00bb]<\/p>\n<h1><strong><span style=\"color: #ffffff;\">NUESTRAS FUNCIONES<\/span><\/strong><\/h1>\n<p>[\/et_pb_text][\/et_pb_column][\/et_pb_row][\/et_pb_section][et_pb_section fb_built=\u00bb1&#8243; _builder_version=\u00bb4.22.1&#8243; _module_preset=\u00bbdefault\u00bb background_color=\u00bbRGBA(255,255,255,0)\u00bb custom_margin=\u00bb1px||0px||false|false\u00bb custom_padding=\u00bb0px||0px||false|false\u00bb hover_enabled=\u00bb0&#8243; global_colors_info=\u00bb{}\u00bb sticky_enabled=\u00bb0&#8243;][et_pb_row column_structure=\u00bb1_2,1_2&#8243; _builder_version=\u00bb4.22.1&#8243; _module_preset=\u00bbdefault\u00bb global_colors_info=\u00bb{}\u00bb][et_pb_column type=\u00bb1_2&#8243; _builder_version=\u00bb4.22.1&#8243; _module_preset=\u00bbdefault\u00bb global_colors_info=\u00bb{}\u00bb][et_pb_text _builder_version=\u00bb4.22.1&#8243; _module_preset=\u00bbdefault\u00bb text_text_color=\u00bb#002154&#8243; custom_padding=\u00bb|||0px||\u00bb global_colors_info=\u00bb{}\u00bb]<\/p>\n<ul>\n<li style=\"text-align: justify;\"><span style=\"color: #003366;\">Favorecer la integraci\u00f3n de las actividades acad\u00e9micas en los Departamentos que imparten las Ciencias B\u00e1sicas, para optimizar los procesos de ense\u00f1anza y el aprendizaje de las mismas.<\/span><\/li>\n<\/ul>\n<ul style=\"text-align: justify;\">\n<li><span style=\"color: #003366;\">Coordinar reuniones peri\u00f3dicas con las y los estudiantes representantes de primero y segundo a\u00f1o para fortalecer la comunicaci\u00f3n con el estudiantado, atender inquietudes acad\u00e9micas y proporcionar informaci\u00f3n de inter\u00e9s por parte de las distintas \u00e1reas de la Facultad (Departamentos Acad\u00e9micos, Secretar\u00eda General, Secretar\u00eda de Servicios Escolares, Secretar\u00eda de Educaci\u00f3n M\u00e9dica, Coordinaci\u00f3n de Servicios a la Comunidad y Direcci\u00f3n).<\/span><\/li>\n<\/ul>\n<ul style=\"text-align: justify;\">\n<li><span style=\"color: #003366;\">Implementar y coordinar programas de trabajo y reuniones regulares con las jefaturas de los Departamentos Acad\u00e9micos y Coordinaciones de Ense\u00f1anza para analizar las problem\u00e1ticas y necesidades reportadas por el estudiantado.<\/span><\/li>\n<\/ul>\n<ul>\n<li style=\"text-align: justify;\"><span style=\"color: #003366;\">Colaborar de manera conjunta con los Departamentos acad\u00e9micos y con otras instancias de la Facultad, para disminuir los \u00edndices de no acreditaci\u00f3n mediante la generaci\u00f3n de propuestas.<\/span><\/li>\n<\/ul>\n<p>[\/et_pb_text][\/et_pb_column][et_pb_column type=\u00bb1_2&#8243; _builder_version=\u00bb4.22.1&#8243; _module_preset=\u00bbdefault\u00bb global_colors_info=\u00bb{}\u00bb][et_pb_text _builder_version=\u00bb4.22.1&#8243; _module_preset=\u00bbdefault\u00bb text_text_color=\u00bb#002154&#8243; global_colors_info=\u00bb{}\u00bb]<\/p>\n<ul>\n<li style=\"text-align: justify;\"><span style=\"color: #003366;\">Participar con la Secretar\u00eda de Servicios Escolares en la integraci\u00f3n del calendario anual de ex\u00e1menes.<\/span><\/li>\n<\/ul>\n<ul style=\"text-align: justify;\">\n<li><span style=\"color: #003366;\">Establecer un calendario mensual de reuniones presenciales con las jefaturas de los Departamentos Acad\u00e9micos para el an\u00e1lisis y el trabajo conjunto con la Direcci\u00f3n y dar cumplimiento de las funciones sustantivas y objetivos institucionales.<\/span><\/li>\n<\/ul>\n<ul style=\"text-align: justify;\">\n<li><span style=\"color: #003366;\">Proponer y desarrollar proyectos de investigaci\u00f3n educativa en colaboraci\u00f3n con diversas instancias de la Facultad de Medicina para difundir el trabajo acad\u00e9mico de la Coordinaci\u00f3n.<\/span><\/li>\n<\/ul>\n<ul>\n<li style=\"text-align: justify;\"><span style=\"color: #003366;\">Otras funciones asignadas por la Direcci\u00f3n y Secretar\u00eda General de la Facultad.<\/span><\/li>\n<\/ul>\n<p>[\/et_pb_text][\/et_pb_column][\/et_pb_row][\/et_pb_section]<\/p>\n","protected":false},"excerpt":{"rendered":"<p>ORGANIGRAMADra. M\u00f3nica B. Aburto ArciniegaCoordinadora Dra. Ang\u00e9lica Arce Cede\u00f1oResponsable de 1\u00b0 y 2\u00b0 a\u00f1o Lic. Viridiana Guzm\u00e1n L\u00f3pezJefa de oficina Lic. Tania Jaramillo ViverosSecretariaNUESTRO OBJETIVOArticular las funciones de los Departamentos Acad\u00e9micos responsables de impartir asignaturas de la Licenciatura de M\u00e9dico Cirujano que est\u00e1n estrechamente vinculadas a las ciencias b\u00e1sicas o fundamentales. Esta labor se lleva [&hellip;]<\/p>\n","protected":false},"author":2,"featured_media":0,"parent":0,"menu_order":0,"comment_status":"closed","ping_status":"closed","template":"","meta":{"_et_pb_use_builder":"on","_et_pb_old_content":"","_et_gb_content_width":"","footnotes":""},"class_list":["post-169","page","type-page","status-publish","hentry"],"jetpack_sharing_enabled":true,"_links":{"self":[{"href":"https:\/\/ccb.facmed.unam.mx\/index.php\/wp-json\/wp\/v2\/pages\/169","targetHints":{"allow":["GET"]}}],"collection":[{"href":"https:\/\/ccb.facmed.unam.mx\/index.php\/wp-json\/wp\/v2\/pages"}],"about":[{"href":"https:\/\/ccb.facmed.unam.mx\/index.php\/wp-json\/wp\/v2\/types\/page"}],"author":[{"embeddable":true,"href":"https:\/\/ccb.facmed.unam.mx\/index.php\/wp-json\/wp\/v2\/users\/2"}],"replies":[{"embeddable":true,"href":"https:\/\/ccb.facmed.unam.mx\/index.php\/wp-json\/wp\/v2\/comments?post=169"}],"version-history":[{"count":65,"href":"https:\/\/ccb.facmed.unam.mx\/index.php\/wp-json\/wp\/v2\/pages\/169\/revisions"}],"predecessor-version":[{"id":1478,"href":"https:\/\/ccb.facmed.unam.mx\/index.php\/wp-json\/wp\/v2\/pages\/169\/revisions\/1478"}],"wp:attachment":[{"href":"https:\/\/ccb.facmed.unam.mx\/index.php\/wp-json\/wp\/v2\/media?parent=169"}],"curies":[{"name":"wp","href":"https:\/\/api.w.org\/{rel}","templated":true}]}}